{"id":319,"date":"2020-02-18T10:14:06","date_gmt":"2020-02-18T10:14:06","guid":{"rendered":"http:\/\/bizix.premiumthemes.in\/?page_id=319"},"modified":"2024-01-22T18:12:41","modified_gmt":"2024-01-22T15:12:41","slug":"services","status":"publish","type":"page","link":"https:\/\/ajansmultimedya.com\/?page_id=319","title":{"rendered":"H\u0130ZMETLER"},"content":{"rendered":"\t\t<div data-elementor-type=\"wp-page\" data-elementor-id=\"319\" class=\"elementor elementor-319\">\n\t\t\t\t\t\t<section class=\"elementor-section elementor-top-section elementor-element elementor-element-a45b8f3 elementor-section-stretched elementor-section-boxed elementor-section-height-default elementor-section-height-default\" data-id=\"a45b8f3\" data-element_type=\"section\" data-settings=\"{&quot;stretch_section&quot;:&quot;section-stretched&quot;}\">\n\t\t\t\t\t\t<div class=\"elementor-container elementor-column-gap-no\">\n\t\t\t\t\t<div class=\"elementor-column elementor-col-100 elementor-top-column elementor-element elementor-element-97dcc6d\" data-id=\"97dcc6d\" data-element_type=\"column\">\n\t\t\t<div class=\"elementor-widget-wrap\">\n\t\t\t\t\t\t\t<\/div>\n\t\t<\/div>\n\t\t\t\t\t<\/div>\n\t\t<\/section>\n\t\t\t\t<\/div>\n\t\t","protected":false},"excerpt":{"rendered":"<p>Eticaret Dan\u0131\u015fmanl\u0131\u011f\u0131 E-ticarette uzmanla\u015fm\u0131\u015f ekibimiz, online sat\u0131\u015f stratejilerini optimize ederek markan\u0131z\u0131n dijital potansiyelini maksimize ediyoruz. M\u00fc\u015fteri deneyimininin kalitesini art\u0131r\u0131yor, ba\u015far\u0131l\u0131 e-ticaret operasyonlar\u0131 i\u00e7in kapsaml\u0131 \u00e7\u00f6z\u00fcmler sunuyoruz. Bu kapsamdaki hizmetlerimiz: Detaylar Kurumsal Web Tasar\u0131m Kurumsal web tasar\u0131m, i\u015fletmelerin hedef kitlelerine ula\u015fmak i\u00e7in kulland\u0131klar\u0131 etkili bir pazarlama y\u00f6ntemidir. Ancak internet te sizi [&hellip;]<\/p>\n","protected":false},"author":1,"featured_media":0,"parent":0,"menu_order":0,"comment_status":"closed","ping_status":"closed","template":"elementor_header_footer","meta":{"footnotes":""},"class_list":["post-319","page","type-page","status-publish","hentry"],"_links":{"self":[{"href":"https:\/\/ajansmultimedya.com\/index.php?rest_route=\/wp\/v2\/pages\/319","targetHints":{"allow":["GET"]}}],"collection":[{"href":"https:\/\/ajansmultimedya.com\/index.php?rest_route=\/wp\/v2\/pages"}],"about":[{"href":"https:\/\/ajansmultimedya.com\/index.php?rest_route=\/wp\/v2\/types\/page"}],"author":[{"embeddable":true,"href":"https:\/\/ajansmultimedya.com\/index.php?rest_route=\/wp\/v2\/users\/1"}],"replies":[{"embeddable":true,"href":"https:\/\/ajansmultimedya.com\/index.php?rest_route=%2Fwp%2Fv2%2Fcomments&post=319"}],"version-history":[{"count":14,"href":"https:\/\/ajansmultimedya.com\/index.php?rest_route=\/wp\/v2\/pages\/319\/revisions"}],"predecessor-version":[{"id":2151,"href":"https:\/\/ajansmultimedya.com\/index.php?rest_route=\/wp\/v2\/pages\/319\/revisions\/2151"}],"wp:attachment":[{"href":"https:\/\/ajansmultimedya.com\/index.php?rest_route=%2Fwp%2Fv2%2Fmedia&parent=319"}],"curies":[{"name":"wp","href":"https:\/\/api.w.org\/{rel}","templated":true}]}}