{"id":157,"date":"2020-02-17T15:00:06","date_gmt":"2020-02-17T12:00:06","guid":{"rendered":"http:\/\/bizix.premiumthemes.in\/?page_id=157"},"modified":"2021-05-22T19:24:52","modified_gmt":"2021-05-22T16:24:52","slug":"sss","status":"publish","type":"page","link":"https:\/\/ajansmultimedya.com\/?page_id=157","title":{"rendered":"SSS"},"content":{"rendered":"\t\t<div data-elementor-type=\"wp-page\" data-elementor-id=\"157\" class=\"elementor elementor-157\">\n\t\t\t\t\t\t<section class=\"elementor-section elementor-top-section elementor-element elementor-element-58a65cdf elementor-section-stretched elementor-section-boxed elementor-section-height-default elementor-section-height-default\" data-id=\"58a65cdf\" data-element_type=\"section\" data-settings=\"{&quot;background_background&quot;:&quot;classic&quot;,&quot;stretch_section&quot;:&quot;section-stretched&quot;}\">\n\t\t\t\t\t\t<div class=\"elementor-container elementor-column-gap-no\">\n\t\t\t\t\t<div class=\"elementor-column elementor-col-50 elementor-top-column elementor-element elementor-element-17716bf2\" data-id=\"17716bf2\" data-element_type=\"column\">\n\t\t\t<div class=\"elementor-widget-wrap\">\n\t\t\t\t\t\t\t<\/div>\n\t\t<\/div>\n\t\t\t\t<div class=\"elementor-column elementor-col-50 elementor-top-column elementor-element elementor-element-180b2f35\" data-id=\"180b2f35\" data-element_type=\"column\">\n\t\t\t<div class=\"elementor-widget-wrap elementor-element-populated\">\n\t\t\t\t\t\t<section class=\"elementor-section elementor-inner-section elementor-element elementor-element-5a538bf8 elementor-section-full_width elementor-section-height-default elementor-section-height-default\" data-id=\"5a538bf8\" data-element_type=\"section\" data-settings=\"{&quot;background_background&quot;:&quot;classic&quot;}\">\n\t\t\t\t\t\t<div class=\"elementor-container elementor-column-gap-extended\">\n\t\t\t\t\t<div class=\"elementor-column elementor-col-100 elementor-inner-column elementor-element elementor-element-3003cf46\" data-id=\"3003cf46\" data-element_type=\"column\">\n\t\t\t<div class=\"elementor-widget-wrap\">\n\t\t\t\t\t\t\t<\/div>\n\t\t<\/div>\n\t\t\t\t\t<\/div>\n\t\t<\/section>\n\t\t\t\t\t<\/div>\n\t\t<\/div>\n\t\t\t\t\t<\/div>\n\t\t<\/section>\n\t\t\t\t<\/div>\n\t\t","protected":false},"excerpt":{"rendered":"<p>Grafik tasar\u0131m\u0131 yap\u0131yor musunuz ve bana logo yapabilir misiniz? Evet grafik tasar\u0131m, logo tasar\u0131m\u0131, banner tasar\u0131m\u0131, sosyal medya i\u00e7in tasar\u0131mlar yap\u0131yoruz,&nbsp; ileti\u015fime ge\u00e7erseniz sizin i\u00e7inde yapabiliriz&nbsp; Web sitem ya da projem bitti\u011finde kendim g\u00fcncelleyebilecek miyim? Evet proje size teslim edildi\u011fi anda her \u015feyi \u00e7ok kolay&nbsp; kendiniz y\u00f6netebilir halde olacak. Daha [&hellip;]<\/p>\n","protected":false},"author":1,"featured_media":0,"parent":0,"menu_order":0,"comment_status":"closed","ping_status":"closed","template":"elementor_header_footer","meta":{"footnotes":""},"class_list":["post-157","page","type-page","status-publish","hentry"],"_links":{"self":[{"href":"https:\/\/ajansmultimedya.com\/index.php?rest_route=\/wp\/v2\/pages\/157","targetHints":{"allow":["GET"]}}],"collection":[{"href":"https:\/\/ajansmultimedya.com\/index.php?rest_route=\/wp\/v2\/pages"}],"about":[{"href":"https:\/\/ajansmultimedya.com\/index.php?rest_route=\/wp\/v2\/types\/page"}],"author":[{"embeddable":true,"href":"https:\/\/ajansmultimedya.com\/index.php?rest_route=\/wp\/v2\/users\/1"}],"replies":[{"embeddable":true,"href":"https:\/\/ajansmultimedya.com\/index.php?rest_route=%2Fwp%2Fv2%2Fcomments&post=157"}],"version-history":[{"count":29,"href":"https:\/\/ajansmultimedya.com\/index.php?rest_route=\/wp\/v2\/pages\/157\/revisions"}],"predecessor-version":[{"id":2066,"href":"https:\/\/ajansmultimedya.com\/index.php?rest_route=\/wp\/v2\/pages\/157\/revisions\/2066"}],"wp:attachment":[{"href":"https:\/\/ajansmultimedya.com\/index.php?rest_route=%2Fwp%2Fv2%2Fmedia&parent=157"}],"curies":[{"name":"wp","href":"https:\/\/api.w.org\/{rel}","templated":true}]}}